{"id":3240,"date":"2022-05-10T12:38:31","date_gmt":"2022-05-10T16:38:31","guid":{"rendered":"https:\/\/www.aluminiumperron.com\/request-a-quote\/"},"modified":"2025-09-12T15:00:33","modified_gmt":"2025-09-12T19:00:33","slug":"request-a-quote","status":"publish","type":"page","link":"https:\/\/www.aluminiumperron.com\/en\/request-a-quote\/","title":{"rendered":"Request a Quote"},"content":{"rendered":"<link rel='stylesheet' id='formidable-css' href='https:\/\/www.aluminiumperron.com\/wp-content\/plugins\/formidable\/css\/formidableforms.css?ver=4221900' type='text\/css' media='all' \/>\n<div class=\"frm_forms  with_frm_style frm_style_formidable-style\" id=\"frm_form_3_container\" data-token=\"7e4608df4efa1c2ee81bfbe8e3accf54\">\n<form enctype=\"multipart\/form-data\" method=\"post\" class=\"frm-show-form  frm_pro_form \" id=\"form_demandedesoumission\" data-token=\"7e4608df4efa1c2ee81bfbe8e3accf54\">\n<div class=\"frm_form_fields \">\n<fieldset>\n<legend class=\"frm_screen_reader\">Quote Request<\/legend>\r\n\r\n<div class=\"frm_fields_container\">\n<input type=\"hidden\" name=\"frm_action\" value=\"create\" \/>\n<input type=\"hidden\" name=\"form_id\" value=\"3\" \/>\n<input type=\"hidden\" name=\"frm_hide_fields_3\" id=\"frm_hide_fields_3\" value=\"\" \/>\n<input type=\"hidden\" name=\"form_key\" value=\"demandedesoumission\" \/>\n<input type=\"hidden\" name=\"item_meta[0]\" value=\"\" \/>\n<input type=\"hidden\" id=\"frm_submit_entry_3\" name=\"frm_submit_entry_3\" value=\"5f72797f9f\" \/><input type=\"hidden\" name=\"_wp_http_referer\" value=\"\/en\/wp-json\/wp\/v2\/pages\/3240\" \/><div id=\"frm_field_36_container\" class=\"frm_form_field  frm12 frm_first frm_html_container form-field\">\n<p style=\"font-size: 16px\"><strong>To receive a quote or an estimate for your project, please fill out the form below.<\/strong><\/p>\n<\/div>\n<div id=\"frm_field_33_container\" class=\"frm_form_field form-field  frm_required_field frm_top_container frm6 frm_first\">\r\n\t<label for=\"field_p1n3u\" id=\"field_p1n3u_label\" class=\"frm_primary_label\">Please select the branch or distributor\r\n\t\t<span class=\"frm_required\" aria-hidden=\"true\">*<\/span>\r\n\t<\/label>\r\n\t\t\t<select name=\"item_meta[33]\" id=\"field_p1n3u\"  data-reqmsg=\"Please select the branch or distributor is required.\" aria-required=\"true\" data-invmsg=\"Please select the branch or distributor est non valide\" aria-invalid=\"false\"  >\n\t\t<option  value=\"info@aluminiumperron.com\">Qu\u00e9bec<\/option><option  value=\"rimouski@aluminiumperron.com\">Rimouski<\/option><option  value=\"saguenay@aluminiumperron.com\">Saguenay<\/option><option  value=\"levis@aluminiumperron.com\">L\u00e9vis<\/option><option  value=\"laval@aluminiumperron.com\">Laval<\/option>\t<\/select>\n\t\r\n\t\r\n\t\r\n<\/div>\n<div id=\"frm_field_34_container\" class=\"frm_form_field form-field  frm_top_container frm6\">\r\n\t<label for=\"field_2deb4\" id=\"field_2deb4_label\" class=\"frm_primary_label\">What type of quote would you like to receive?\r\n\t\t<span class=\"frm_required\" aria-hidden=\"true\"><\/span>\r\n\t<\/label>\r\n\t\t\t<select name=\"item_meta[34]\" id=\"field_2deb4\"  data-frmval=\"Soumission par courriel (sans frais)\" data-invmsg=\"What type of quote would you like to receive? est non valide\" aria-invalid=\"false\"  >\n\t\t<option  value=\"Soumission par courriel (sans frais)\" selected='selected'>Quote by email (free of charge)<\/option><option  value=\"Soumission avec prise de mesures sur place (\u00e0 partir de 150 $ +TX)\">Quote with on-site measurements (starting from $150 + tax)<\/option>\t<\/select>\n\t\r\n\t\r\n\t\r\n<\/div>\n<div id=\"frm_field_17_container\" class=\"frm_form_field form-field  frm_required_field frm_top_container frm6 frm_first\">\r\n    <label for=\"field_7c4ko\" id=\"field_7c4ko_label\" class=\"frm_primary_label\">First Name\r\n        <span class=\"frm_required\" aria-hidden=\"true\">*<\/span>\r\n    <\/label>\r\n    <input  type=\"text\" id=\"field_7c4ko\" name=\"item_meta[17]\" value=\"\"  data-reqmsg=\"Please enter your first name.\" aria-required=\"true\" data-invmsg=\"texte est non valide\" aria-invalid=\"false\"   \/>\r\n    \r\n    \r\n<\/div>\n<div id=\"frm_field_18_container\" class=\"frm_form_field form-field  frm_required_field frm_top_container frm6\">\r\n    <label for=\"field_pea3g\" id=\"field_pea3g_label\" class=\"frm_primary_label\">Last Name\r\n        <span class=\"frm_required\" aria-hidden=\"true\">*<\/span>\r\n    <\/label>\r\n    <input  type=\"text\" id=\"field_pea3g\" name=\"item_meta[18]\" value=\"\"  data-reqmsg=\"Please enter your name.\" aria-required=\"true\" data-invmsg=\"texte est non valide\" aria-invalid=\"false\"   \/>\r\n    \r\n    \r\n<\/div>\n<div id=\"frm_field_19_container\" class=\"frm_form_field form-field  frm_required_field frm_top_container\">\r\n    <label for=\"field_op4e6\" id=\"field_op4e6_label\" class=\"frm_primary_label\">Delivery or installation address\r\n        <span class=\"frm_required\" aria-hidden=\"true\">*<\/span>\r\n    <\/label>\r\n    <input  type=\"text\" id=\"field_op4e6\" name=\"item_meta[19]\" value=\"\"  data-reqmsg=\"Delivery or installation address is required.\" aria-required=\"true\" data-invmsg=\"texte est non valide\" aria-invalid=\"false\"   \/>\r\n    \r\n    \r\n<\/div>\n<div id=\"frm_field_20_container\" class=\"frm_form_field form-field  frm_required_field frm_top_container frm6 frm_first\">\r\n    <label for=\"field_sixbo\" id=\"field_sixbo_label\" class=\"frm_primary_label\">City\r\n        <span class=\"frm_required\" aria-hidden=\"true\">*<\/span>\r\n    <\/label>\r\n    <input  type=\"text\" id=\"field_sixbo\" name=\"item_meta[20]\" value=\"\"  data-reqmsg=\"City is required.\" aria-required=\"true\" data-invmsg=\"texte est non valide\" aria-invalid=\"false\"   \/>\r\n    \r\n    \r\n<\/div>\n<div id=\"frm_field_21_container\" class=\"frm_form_field form-field  frm_required_field frm_top_container frm6\">\r\n    <label for=\"field_atq81\" id=\"field_atq81_label\" class=\"frm_primary_label\">Province\r\n        <span class=\"frm_required\" aria-hidden=\"true\">*<\/span>\r\n    <\/label>\r\n    \t\t<select name=\"item_meta[21]\" id=\"field_atq81\"  data-frmval=\"Qu\u00e9bec\" data-reqmsg=\"Province is required.\" aria-required=\"true\" data-invmsg=\"Province is invalid\" aria-invalid=\"false\"  >\n\t\t<option  value=\"Qu\u00e9bec\" selected='selected'>Quebec<\/option>\t<\/select>\n\t\r\n    \r\n    \r\n<\/div>\n<div id=\"frm_field_22_container\" class=\"frm_form_field form-field  frm_required_field frm_top_container frm6 frm_first\">\r\n    <label for=\"field_26go1\" id=\"field_26go1_label\" class=\"frm_primary_label\">Postal Code\r\n        <span class=\"frm_required\" aria-hidden=\"true\">*<\/span>\r\n    <\/label>\r\n    <input  type=\"text\" id=\"field_26go1\" name=\"item_meta[22]\" value=\"\"  data-reqmsg=\"Enter your Postal Code\" aria-required=\"true\" data-invmsg=\"texte est non valide\" aria-invalid=\"false\"   \/>\r\n    \r\n    \r\n<\/div>\n<div id=\"frm_field_23_container\" class=\"frm_form_field form-field  frm_required_field frm_top_container frm6\">\r\n    <label for=\"field_seq4s\" id=\"field_seq4s_label\" class=\"frm_primary_label\">Phone\r\n        <span class=\"frm_required\" aria-hidden=\"true\">*<\/span>\r\n    <\/label>\r\n    <input type=\"tel\" id=\"field_seq4s\" name=\"item_meta[23]\" value=\"\"  data-reqmsg=\"Enter your phone number\" aria-required=\"true\" data-invmsg=\"Invalid Phone Number\" aria-invalid=\"false\" pattern=\"((\\+\\d{1,3}(-|.| )?\\(?\\d\\)?(-| |.)?\\d{1,5})|(\\(?\\d{2,6}\\)?))(-|.| )?(\\d{3,4})(-|.| )?(\\d{4})(( x| ext)\\d{1,5}){0,1}$\"  \/>\r\n    \r\n    \r\n<\/div>\n<div id=\"frm_field_24_container\" class=\"frm_form_field form-field  frm_required_field frm_top_container frm_first frm_half\">\r\n    <label for=\"field_mow1p\" id=\"field_mow1p_label\" class=\"frm_primary_label\">Email Address\r\n        <span class=\"frm_required\" aria-hidden=\"true\">*<\/span>\r\n    <\/label>\r\n    <input type=\"email\" id=\"field_mow1p\" name=\"item_meta[24]\" value=\"\"  data-reqmsg=\"Email Address is required.\" aria-required=\"true\" data-invmsg=\"Invalid Email Address\" aria-invalid=\"false\"   aria-describedby=\"frm_desc_field_mow1p\"\/>\r\n    <div class=\"frm_description\" id=\"frm_desc_field_mow1p\">Enter your Email Address<\/div>\r\n    \r\n<\/div>\n<div id=\"frm_field_conf_24_container\" class=\"frm_form_field frm_hidden_container frm_conf_field form-field  frm_required_field frm_top_container  frm6\">\r\n    <label for=\"field_conf_mow1p\" id=\"field_conf_mow1p_label\" class=\"frm_conf_label frm_primary_label\">Confirm Email Address\r\n        <span class=\"frm_required\" aria-hidden=\"true\">*<\/span>\r\n    <\/label>\r\n    <input type=\"email\" id=\"field_conf_mow1p\" name=\"item_meta[conf_24]\" value=\"\"  data-reqmsg=\"Confirm Email Address is required.\" aria-required=\"true\" data-confmsg=\"The entered values do not match.\" data-invmsg=\"Invalid Email Address\" aria-invalid=\"false\"   aria-describedby=\"frm_desc_field_conf_mow1p\"\/>\r\n    <div class=\"frm_description\" id=\"frm_desc_field_conf_mow1p\">Confirm your Email Address<\/div>\r\n    \r\n<\/div>\n<div id=\"frm_field_28_container\" class=\"frm_form_field form-field  frm_required_field frm_top_container\">\r\n    <label for=\"field_ho9gu\" id=\"field_ho9gu_label\" class=\"frm_primary_label\">Where did you hear about us?\r\n        <span class=\"frm_required\" aria-hidden=\"true\">*<\/span>\r\n    <\/label>\r\n    <input  type=\"text\" id=\"field_ho9gu\" name=\"item_meta[28]\" value=\"\"  data-reqmsg=\"Where did you hear about us? is required.\" aria-required=\"true\" data-invmsg=\"texte est non valide\" aria-invalid=\"false\"   \/>\r\n    \r\n    \r\n<\/div>\n<div id=\"frm_field_25_container\" class=\"frm_form_field form-field  frm_required_field frm_top_container\">\r\n    <label for=\"field_p8xo0\" id=\"field_p8xo0_label\" class=\"frm_primary_label\">Project Description\r\n        <span class=\"frm_required\" aria-hidden=\"true\">*<\/span>\r\n    <\/label>\r\n    <textarea name=\"item_meta[25]\" id=\"field_p8xo0\" rows=\"5\"  data-reqmsg=\"Project Description is required.\" aria-required=\"true\" data-invmsg=\"Description du projet est non valide\" aria-invalid=\"false\"  ><\/textarea>\r\n    \r\n    \r\n<\/div>\n<div id=\"frm_field_31_container\" class=\"frm_form_field form-field  frm_top_container frm12\">\r\n\t<label for=\"field_n9jfl\" id=\"field_n9jfl_label\" class=\"frm_primary_label\">To speed up the processing of your request, please upload your plan below.\r\n\t\t<span class=\"frm_required\" aria-hidden=\"true\"><\/span>\r\n\t<\/label>\r\n\t<input type=\"hidden\"  data-invmsg=\"To speed up the processing of your request, please upload your plan below. is invalid\" class=\"auto_width\" aria-invalid=\"false\"   name=\"item_meta[31]\"  value=\"\" data-frmfile=\"31\" \/>\n\n<div class=\"frm_dropzone frm_single_upload frm_clearfix\" id=\"file31_dropzone\" role=\"group\" >\n\t<div class=\"fallback\">\n\t\t<input type=\"file\" name=\"file31\" id=\"field_n9jfl\"\n\t\t\t data-invmsg=\"To speed up the processing of your request, please upload your plan below. is invalid\" class=\"auto_width\" aria-invalid=\"false\"  \t\t\t\/>\n\t\t\t\t<div class=\"frm_clearfix \"><\/div>\n\t<\/div>\n\t<div class=\"dz-message needsclick\">\n\t\t\t\t<svg  viewBox=\"0 0 18 18\" class=\"frmsvg frm-svg-icon\">\n\t<path viewBox=\"0 0 18 18\" fill-rule=\"evenodd\" clip-rule=\"evenodd\" d=\"M8.2 4v8a.8.8 0 001.5 0V4l2.1 2.2A.7.7 0 1013 5L9.5 1.7a.7.7 0 00-1.1 0L5.1 5.2a.8.8 0 001 1l2.1-2zm7.6 4.3c.4 0 .7.3.7.7v6.8c0 .4-.3.7-.8.7H2.3a.8.8 0 01-.8-.8V9A.8.8 0 013 9v6h12V9c0-.4.3-.8.8-.8z\"><\/path>\n<\/svg>\t\t<span class=\"frm_upload_text\"><button type=\"button\" aria-label=\"To speed up the processing of your request, please upload your plan below.. D\u00e9poser un fichier ici ou cliquer pour t\u00e9l\u00e9charger. Maximum file size: 5MB\">D\u00e9poser un fichier ici ou cliquer pour t\u00e9l\u00e9charger<\/button><\/span>\n\t\t<span class=\"frm_compact_text\"><button type=\"button\" aria-label=\"To speed up the processing of your request, please upload your plan below.. Choisir un fichier. Maximum file size: 5MB\">Choisir un fichier<\/button><\/span>\n\t\t<div class=\"frm_small_text\">\n\t\t\t<p>Maximum file size: 5MB<\/p>\n\t\t<\/div>\n\t<\/div>\n<\/div>\n\t\r\n\t\r\n\t\r\n<\/div>\n<div id=\"frm_field_26_container\" class=\"frm_form_field form-field  frm_none_container\">\r\n    <label for=\"g-recaptcha-response\" id=\"field_kryxu_label\" class=\"frm_primary_label\">Captcha\r\n        <span class=\"frm_required\" aria-hidden=\"true\"><\/span>\r\n    <\/label>\r\n    <div  id=\"field_kryxu\" class=\"frm-g-recaptcha\" data-sitekey=\"6Leh-5oUAAAAAF5YWIRDrgUmpcZH-RK28mgLQZge\" data-size=\"invisible\" data-theme=\"light\"><\/div>\r\n    \r\n    \r\n<\/div>\n<div id=\"frm_field_30_container\" class=\"frm_form_field form-field \">\r\n\t<div class=\"frm_submit\">\r\n\r\n<button class=\"frm_button_submit frm_final_submit\" type=\"submit\"   formnovalidate=\"formnovalidate\">Send<\/button>\r\n\r\n<\/div>\r\n<\/div>\n\t<input type=\"hidden\" name=\"item_key\" value=\"\" \/>\n\t\t\t<div id=\"frm_field_38_container\">\n\t\t\t<label for=\"field_iv9n7\" >\n\t\t\t\tIf you are human, leave this field blank.\t\t\t<\/label>\n\t\t\t<input  id=\"field_iv9n7\" type=\"text\" class=\"frm_form_field form-field frm_verify\" name=\"item_meta[38]\" value=\"\"  \/>\n\t\t<\/div>\n\t\t<input name=\"frm_state\" type=\"hidden\" value=\"QA\/7MMcUoXX6Agzhbsw5mpp80Mr4gyZ2ElX6BSUpKRjeWKJ+mXgXllPdhHsAO7Kh\" \/><\/div>\n<\/fieldset>\n<\/div>\n\n<\/form>\n<\/div>\n\n","protected":false},"excerpt":{"rendered":"","protected":false},"author":2,"featured_media":0,"parent":0,"menu_order":0,"comment_status":"closed","ping_status":"closed","template":"","meta":{"_genesis_hide_title":false,"_genesis_hide_breadcrumbs":false,"_genesis_hide_singular_image":false,"_genesis_hide_footer_widgets":false,"_genesis_custom_body_class":"","_genesis_custom_post_class":"","_genesis_layout":"full-width-content","footnotes":""},"class_list":{"0":"post-3240","1":"page","2":"type-page","3":"status-publish","5":"entry"},"_links":{"self":[{"href":"https:\/\/www.aluminiumperron.com\/en\/wp-json\/wp\/v2\/pages\/3240","targetHints":{"allow":["GET"]}}],"collection":[{"href":"https:\/\/www.aluminiumperron.com\/en\/wp-json\/wp\/v2\/pages"}],"about":[{"href":"https:\/\/www.aluminiumperron.com\/en\/wp-json\/wp\/v2\/types\/page"}],"author":[{"embeddable":true,"href":"https:\/\/www.aluminiumperron.com\/en\/wp-json\/wp\/v2\/users\/2"}],"replies":[{"embeddable":true,"href":"https:\/\/www.aluminiumperron.com\/en\/wp-json\/wp\/v2\/comments?post=3240"}],"version-history":[{"count":1,"href":"https:\/\/www.aluminiumperron.com\/en\/wp-json\/wp\/v2\/pages\/3240\/revisions"}],"predecessor-version":[{"id":3925,"href":"https:\/\/www.aluminiumperron.com\/en\/wp-json\/wp\/v2\/pages\/3240\/revisions\/3925"}],"wp:attachment":[{"href":"https:\/\/www.aluminiumperron.com\/en\/wp-json\/wp\/v2\/media?parent=3240"}],"curies":[{"name":"wp","href":"https:\/\/api.w.org\/{rel}","templated":true}]}}